{"id":125847,"date":"2024-05-04T11:28:30","date_gmt":"2024-05-04T09:28:30","guid":{"rendered":"https:\/\/www.cipollagioielli.com\/prodotto\/anello-oro-rosa-e-diamanti-toppina-art-7772bw\/"},"modified":"2025-04-23T18:05:55","modified_gmt":"2025-04-23T16:05:55","slug":"anello-oro-rosa-e-diamanti-toppina-art-7772bw","status":"publish","type":"product","link":"https:\/\/www.cipollagioielli.com\/en\/product\/anello-oro-rosa-e-diamanti-toppina-art-7772bw\/","title":{"rendered":"Anello oro rosa e diamanti TOPPINA Art. 7772BW"},"content":{"rendered":"<p>Risplendi con l&#8217;<strong>Anello TOPPINA<\/strong>, un <a title=\"gioiello\" href=\"https:\/\/www.cipollagioielli.com\/en\/product-category\/selling-jewelry-online\/\">gioiello<\/a> che incarna l&#8217;essenza del lusso e dell&#8217;eleganza senza tempo. Realizzato con l&#8217;oro rosa pi\u00f9 pregiato e impreziosito da <strong>diamanti brown<\/strong> dal taglio brillante, questo <a title=\"anello\" href=\"https:\/\/www.cipollagioielli.com\/en\/product-category\/selling-jewelry-online\/rings\/\">anello<\/a> \u00e8 una dichiarazione di stile e raffinatezza.<\/p>\n<p>Appartenente alla <strong>collezione TOPPINE<\/strong> della <a title=\"gioielleria Cipolla dal 1950 Gioiellieri\" href=\"https:\/\/www.cipollagioielli.com\/en\/\">gioielleria Cipolla dal 1950 Gioiellieri<\/a>, questo anello \u00e8 frutto di una<strong> lavorazione artigianale<\/strong> esemplare che si riflette in ogni dettaglio. L&#8217;oro rosa 750% 18 KT conferisce al gioiello una lucentezza calda e avvolgente, mentre i diamanti brown aggiungono un tocco di esclusivit\u00e0 e raffinatezza.<\/p>\n<p>Con una caratura di 0,23 Ct, i diamanti brown catturano e riflettono la luce con una brillantezza unica, creando un effetto visivo mozzafiato. Il loro taglio brillante esalta la bellezza naturale delle pietre, conferendo all&#8217;anello una lucentezza magnetica che non passer\u00e0 inosservata.<\/p>\n<p>Con un peso di 3,80 grammi, questo anello \u00e8 leggero e confortevole da indossare, perfetto per ogni occasione, dall&#8217;incontro informale alla serata di gala. Indossarlo significa abbracciare l&#8217;essenza del lusso e della raffinatezza, mentre si porta con s\u00e9 il prestigio e l&#8217;eredit\u00e0 di eccellenza della gioielleria <strong>Cipolla dal 1950 Gioiellieri<\/strong>.<\/p>\n<p>L&#8217;<em>Anello TOPPINA<\/em> \u00e8 pi\u00f9 di un semplice accessorio: \u00e8 un&#8217;affermazione di stile e un simbolo di gusto sofisticato. Aggiungilo alla tua <strong>collezione di gioielli<\/strong> e lasciati avvolgere dalla sua bellezza senza tempo e dalla sua aura di lusso ineguagliabile.<\/p>\n","protected":false},"excerpt":{"rendered":"<p>L&#8217;<strong>Anello TOPPINA in oro rosa e diamanti brown<\/strong> \u00e8 un&#8217;ode all&#8217;eleganza senza tempo. Esprime il lusso raffinato della <em>gioielleria Cipolla<\/em>, un vero simbolo di stile.<\/p>\n","protected":false},"featured_media":125797,"comment_status":"open","ping_status":"closed","template":"","meta":[],"product_brand":[],"product_cat":[1136,1145,1064,983,982,970,990,950],"product_tag":[],"giftcard-category":[],"class_list":{"0":"post-125847","1":"product","2":"type-product","3":"status-publish","4":"has-post-thumbnail","6":"product_cat-brand","7":"product_cat-category","8":"product_cat-cipolla-dal-1950","9":"product_cat-gold-and-diamond-rings","10":"product_cat-gold-rings","11":"product_cat-rings","12":"product_cat-rings-with-diamonds","13":"product_cat-selling-jewelry-online","14":"pa_misura-10-en","15":"pa_misura-11-en","16":"pa_misura-12-en","17":"pa_misura-13-en","18":"pa_misura-14-en","19":"pa_misura-15-en","20":"pa_misura-16-en","21":"pa_misura-17-en","22":"pa_misura-18-en","23":"pa_misura-19-en","24":"pa_misura-20-en","25":"pa_misura-21-en","26":"pa_misura-22-en","27":"pa_misura-23-en","28":"pa_misura-24-en","29":"pa_misura-25-en","30":"pa_misura-26-en","31":"pa_misura-27-en","32":"pa_misura-28-en","33":"pa_misura-29-en","34":"pa_misura-30-en","35":"pa_misura-31-en","36":"pa_misura-7-en","37":"pa_misura-8-en","38":"pa_misura-9-en","39":"yith_product_brand-cipolla-dal-1950-en","41":"first","42":"outofstock","43":"sale","44":"taxable","45":"shipping-taxable","46":"purchasable","47":"product-type-simple"},"_links":{"self":[{"href":"https:\/\/www.cipollagioielli.com\/en\/wp-json\/wp\/v2\/product\/125847","targetHints":{"allow":["GET"]}}],"collection":[{"href":"https:\/\/www.cipollagioielli.com\/en\/wp-json\/wp\/v2\/product"}],"about":[{"href":"https:\/\/www.cipollagioielli.com\/en\/wp-json\/wp\/v2\/types\/product"}],"replies":[{"embeddable":true,"href":"https:\/\/www.cipollagioielli.com\/en\/wp-json\/wp\/v2\/comments?post=125847"}],"wp:featuredmedia":[{"embeddable":true,"href":"https:\/\/www.cipollagioielli.com\/en\/wp-json\/wp\/v2\/media\/125797"}],"wp:attachment":[{"href":"https:\/\/www.cipollagioielli.com\/en\/wp-json\/wp\/v2\/media?parent=125847"}],"wp:term":[{"taxonomy":"product_brand","embeddable":true,"href":"https:\/\/www.cipollagioielli.com\/en\/wp-json\/wp\/v2\/product_brand?post=125847"},{"taxonomy":"product_cat","embeddable":true,"href":"https:\/\/www.cipollagioielli.com\/en\/wp-json\/wp\/v2\/product_cat?post=125847"},{"taxonomy":"product_tag","embeddable":true,"href":"https:\/\/www.cipollagioielli.com\/en\/wp-json\/wp\/v2\/product_tag?post=125847"},{"taxonomy":"giftcard-category","embeddable":true,"href":"https:\/\/www.cipollagioielli.com\/en\/wp-json\/wp\/v2\/giftcard-category?post=125847"}],"curies":[{"name":"wp","href":"https:\/\/api.w.org\/{rel}","templated":true}]}}